{"id":1130,"date":"2022-07-28T14:42:30","date_gmt":"2022-07-28T12:42:30","guid":{"rendered":"https:\/\/elsol.bg\/?page_id=1130"},"modified":"2024-03-25T15:05:53","modified_gmt":"2024-03-25T13:05:53","slug":"solarparks","status":"publish","type":"page","link":"https:\/\/elsol.bg\/de\/solarparks\/","title":{"rendered":"Solarparks"},"content":{"rendered":"<section class=\"wpb-content-wrapper\"><p>[vc_row full_width=&#8220;stretch_row&#8220; css=&#8220;.vc_custom_1675080232725{background-color: #f7f7f7 !important;}&#8220;][vc_column]<div id=\"ultimate-heading-839569decd6b72fbe\" class=\"uvc-heading ult-adjust-bottom-margin ultimate-heading-839569decd6b72fbe uvc-5557 \" data-hspacer=\"no_spacer\"  data-halign=\"left\" style=\"text-align:left\"><div class=\"uvc-heading-spacer no_spacer\" style=\"top\"><\/div><div class=\"uvc-main-heading ult-responsive\"  data-ultimate-target='.uvc-heading.ultimate-heading-839569decd6b72fbe h1'  data-responsive-json-new='{\"font-size\":\"desktop:42px;tablet:34px;tablet_portrait:34px;mobile_landscape:34px;mobile:34px;\",\"line-height\":\"desktop:50px;tablet:36px;tablet_portrait:36px;mobile_landscape:36px;mobile:36px;\"}' ><h1 style=\"font-family:&#039;Jura&#039;;font-weight:700;margin-bottom:5px;\">Photovoltaik-Anlagen<\/h1><\/div><div class=\"uvc-sub-heading ult-responsive\"  data-ultimate-target='.uvc-heading.ultimate-heading-839569decd6b72fbe .uvc-sub-heading '  data-responsive-json-new='{\"font-size\":\"desktop:28px;tablet:18px;tablet_portrait:18px;mobile_landscape:18px;mobile:18px;\",\"line-height\":\"desktop:36px;tablet:28px;tablet_portrait:28px;mobile_landscape:28px;mobile:28px;\"}'  style=\"font-family:&#039;Jura&#039;;font-weight:700;margin-bottom:20px;\">f\u00fcr gr\u00fcne und saubere Energie<\/div><\/div>[vc_column_text css=&#8220;.vc_custom_1683875393117{margin-bottom: 0px !important;}&#8220;]Fl\u00e4chen, die nicht f\u00fcr andere Zwecke genutzt werden k\u00f6nnen, bieten ideale Voraussetzungen f\u00fcr den Bau einer Photovoltaik-Freifl\u00e4chenanlage. In vielen europ\u00e4ischen L\u00e4ndern gibt es solche Freifl\u00e4chen, beispielsweise auf alten Industrie- oder W\u00fcstfl\u00e4chen. Oftmals ist die notwendige Infrastruktur f\u00fcr den Aufbau eines Solarparks bereits vorhanden: Stra\u00dfen, Z\u00e4une und Anschluss ans Stromnetz. Unser Team passt unsere Systeme streng individuell, je nach Gel\u00e4nde- und Bodenbeschaffenheit, an. Wir planen, bauen und warten Ihre Photovoltaik-Freifl\u00e4chenanlage schl\u00fcsselfertig, einschlie\u00dflich der Implementierung von Sicherheitstechnologien und Netzanschluss.[\/vc_column_text]<div class=\"ult-spacer spacer-69decd6b7300b\" data-id=\"69decd6b7300b\" data-height=\"70\" data-height-mobile=\"50\" data-height-tab=\"50\" data-height-tab-portrait=\"50\" data-height-mobile-landscape=\"50\" style=\"clear:both;display:block;\"><\/div>[\/vc_column][\/vc_row][vc_row gap=&#8220;35&#8243; equal_height=&#8220;yes&#8220; content_placement=&#8220;middle&#8220; css=&#8220;.vc_custom_1675081475060{padding-top: 50px !important;padding-bottom: 50px !important;}&#8220;][vc_column width=&#8220;1\/2&#8243;]<div id=\"ultimate-heading-386969decd6b7302f\" class=\"uvc-heading ult-adjust-bottom-margin ultimate-heading-386969decd6b7302f uvc-1937 \" data-hspacer=\"no_spacer\"  data-halign=\"left\" style=\"text-align:left\"><div class=\"uvc-heading-spacer no_spacer\" style=\"top\"><\/div><div class=\"uvc-main-heading ult-responsive\"  data-ultimate-target='.uvc-heading.ultimate-heading-386969decd6b7302f h2'  data-responsive-json-new='{\"font-size\":\"desktop:36px;tablet:34px;tablet_portrait:34px;mobile_landscape:34px;mobile:34px;\",\"line-height\":\"desktop:42px;tablet:36px;tablet_portrait:36px;mobile_landscape:36px;mobile:36px;\"}' ><h2 style=\"font-family:&#039;Jura&#039;;font-weight:700;margin-bottom:20px;\">Solarparks bauen<\/h2><\/div><\/div>[vc_column_text]Noch nie war es f\u00fcr Unternehmen so einfach, erschwinglich und bequem, ein Photovoltaikprojekt auf dem Boden umzusetzen. Viele L\u00e4nder sehen den \u00dcbergang zur Solarenergie als vielversprechendste Strategie f\u00fcr erneuerbare Energien an und f\u00f6rdern Investitionen in Solarstromanlagen durch steuerliche Anreize, rechtliche Vorteile und andere Mechanismen. Die erforderlichen Systemkomponenten sind bereits gut entwickelt und zuverl\u00e4ssig, und die Kosten werden auf ein Minimum reduziert.<\/p>\n<p>Jetzt ist der richtige Zeitpunkt, um Ihr Unternehmen durch eine klare Energiestrategie wirtschaftlich nachhaltig und zukunftsf\u00e4hig zu machen. Elsol unterst\u00fctzt Sie bei der Umsetzung &#8211; von der Analyse Ihrer Idee bis zur Realisierung gro\u00dfer Photovoltaikanlagen.[\/vc_column_text][\/vc_column][vc_column width=&#8220;1\/2&#8243;][vc_single_image image=&#8220;938&#8243; img_size=&#8220;540&#215;380&#8243;][\/vc_column][\/vc_row][vc_row full_width=&#8220;stretch_row&#8220; css=&#8220;.vc_custom_1674722460390{padding-top: 5% !important;padding-bottom: 5% !important;background-image: url(https:\/\/elsol.bg\/wp-content\/uploads\/2022\/12\/send-inquery-background.jpg?id=169) !important;background-position: 0 0 !important;background-repeat: no-repeat !important;}&#8220;][vc_column width=&#8220;2\/3&#8243; offset=&#8220;vc_col-lg-offset-2&#8243;]<div id=\"ultimate-heading-376569decd6b73056\" class=\"uvc-heading ult-adjust-bottom-margin ultimate-heading-376569decd6b73056 uvc-7324 \" data-hspacer=\"no_spacer\"  data-halign=\"center\" style=\"text-align:center\"><div class=\"uvc-heading-spacer no_spacer\" style=\"top\"><\/div><div class=\"uvc-main-heading ult-responsive\"  data-ultimate-target='.uvc-heading.ultimate-heading-376569decd6b73056 h4'  data-responsive-json-new='{\"font-size\":\"desktop:40px;\",\"line-height\":\"desktop:48px;\"}' ><h4 style=\"font-family:&#039;Jura&#039;;font-weight:700;color:#ffffff;margin-bottom:30px;\">Haben Sie eine Projektanfrage?<\/h4><\/div><div class=\"uvc-sub-heading ult-responsive\"  data-ultimate-target='.uvc-heading.ultimate-heading-376569decd6b73056 .uvc-sub-heading '  data-responsive-json-new='{\"font-size\":\"desktop:26px;\",\"line-height\":\"desktop:36px;\"}'  style=\"font-family:&#039;Jura&#039;;font-weight:normal;color:#ffffff;\">Von einer 1 MW-Photovoltaikanlage bis hin zu einem Projekt mit einer Leistung von \u00fcber 100 MW sind wir Ihr Ansprechpartner f\u00fcr professionelle Errichtung und Instandhaltung.<\/div><\/div>[vc_row_inner css=&#8220;.vc_custom_1669812339456{padding-top: 40px !important;}&#8220;][vc_column_inner width=&#8220;1\/6&#8243;][\/vc_column_inner][vc_column_inner width=&#8220;1\/3&#8243; css=&#8220;.vc_custom_1669901235868{margin-bottom: 15px !important;}&#8220;]<style type=\"text\/css\" data-type=\"the7_shortcodes-inline-css\">#default-btn-209caa1599c261ec8888bc68d750457f.ico-right-side > i {\n  margin-right: 0px;\n  margin-left: 8px;\n}\n#default-btn-209caa1599c261ec8888bc68d750457f > i {\n  margin-right: 8px;\n}\n<\/style><div class=\"btn-align-center\"><a href=\"#\" class=\"default-btn-shortcode dt-btn dt-btn-m link-hover-off md-reservation-btn \" id=\"default-btn-209caa1599c261ec8888bc68d750457f\" style=\"width:240px;\"><i class=\"icomoon-the7-font-the7-mail-01\"><\/i><span>Schreiben Sie uns<\/span><\/a><\/div>[\/vc_column_inner][vc_column_inner width=&#8220;1\/3&#8243; css=&#8220;.vc_custom_1669901253116{margin-bottom: 15px !important;}&#8220;]<style type=\"text\/css\" data-type=\"the7_shortcodes-inline-css\">#default-btn-5a718875dfe330bbcb7709dac11a6b55.ico-right-side > i {\n  margin-right: 0px;\n  margin-left: 8px;\n}\n#default-btn-5a718875dfe330bbcb7709dac11a6b55 > i {\n  margin-right: 8px;\n}\n<\/style><div class=\"btn-align-center\"><a href=\"tel:+359888078538\" class=\"default-btn-shortcode dt-btn dt-btn-m link-hover-off md-reservation-btn-1 \" id=\"default-btn-5a718875dfe330bbcb7709dac11a6b55\" style=\"width:240px;\"><i class=\"icomoon-the7-font-the7-phone-05\"><\/i><span>Rufen Sie uns an<\/span><\/a><\/div>[\/vc_column_inner][vc_column_inner width=&#8220;1\/6&#8243;][\/vc_column_inner][\/vc_row_inner]<div id=\"modal-trg-txt-wrap-1277\" class=\"ult-modal-input-wrapper ult-adjust-bottom-margin    \" data-keypress-control=\"keypress-control-enable\" data-overlay-control=\"overlay-control-enable\"><span data-class-id=\"content-69decd6b731472-80499587\"><\/span>\n\t\t\t\t<script type=\"text\/javascript\">\n\t\t\t\t(function($){\n\t\t\t\t\t$(document).ready(function(){\n\t\t\t\t\t\tvar selector = \".md-reservation-btn\";\n\t\t\t\t\t\t$(selector).addClass(\"custom-ult-modal overlay-show\");\n\t\t\t\t\t\t$(selector).attr(\"data-class-id\", \"content-69decd6b731472-80499587\");\n\t\t\t\t\t\t$(selector).attr(\"data-overlay-class\", \"overlay-cornerbottomleft\");\n\t\t\t\t\t\t$(selector).attr(\"data-keypress-control\", \"keypress-control-enable\");\n\t\t\t\t\t\t$(selector).attr(\"data-overlay-control\", \"overlay-control-enable\");\n\t\t\t\t\t});\n\t\t\t\t})(jQuery);\n\t\t\t\t<\/script><\/div>\n<div class=\"ult-overlay content-69decd6b731472-80499587 \" data-class=\"content-69decd6b731472-80499587\" id=\"button-click-overlay\" style=\"background:rgba(51,51,51,0.85); display:none;\">\n\t<div class=\"ult_modal ult-fade ult-small\">\n\t\t<div id=\"ult-modal-wrap-5867\" class=\"ult_modal-content ult-hide\" style=\"border-style:solid;border-width:2px;border-radius:0px;border-color:#333333;\">\n\t\t\t<div class=\"ult_modal-header\" style=\"background:#51ae32;color:#ffffff;font-family:&#039;Jura&#039;;font-weight:700;border-color:#333333;\">\n\t\t\t\t<div class=\"modal-icon\"><i class=\"icomoon-the7-font-the7-mail-01\"><\/i><\/div><h3  data-ultimate-target='#ult-modal-wrap-5867 .ult_modal-title'  data-responsive-json-new='{\"font-size\":\"desktop:32px;\",\"line-height\":\"desktop:40px;\"}'  class=\"ult_modal-title ult-responsive\">Mache eine Anfrage<\/h3>\n\t\t\t<\/div>\n\t\t\t<div  data-ultimate-target='#ult-modal-wrap-5867 .ult_modal-body'  data-responsive-json-new='{\"font-size\":\"\",\"line-height\":\"\"}'  class=\"ult_modal-body ult-responsive ult-html\" style=\"\">\n\t\t\t\n<div class=\"wpcf7 no-js\" id=\"wpcf7-f1092-o1\" lang=\"bg-BG\" dir=\"ltr\">\n<div class=\"screen-reader-response\"><p role=\"status\" aria-live=\"polite\" aria-atomic=\"true\"><\/p> <ul><\/ul><\/div>\n<form action=\"\/de\/wp-json\/wp\/v2\/pages\/1130#wpcf7-f1092-o1\" method=\"post\" class=\"wpcf7-form init\" aria-label=\"\u0424\u043e\u0440\u043c\u0430 \u0437\u0430 \u043a\u043e\u043d\u0442\u0430\u043a\u0442\u0438\" novalidate=\"novalidate\" data-status=\"init\">\n<div style=\"display: none;\">\n<input type=\"hidden\" name=\"_wpcf7\" value=\"1092\" \/>\n<input type=\"hidden\" name=\"_wpcf7_version\" value=\"5.7.6\" \/>\n<input type=\"hidden\" name=\"_wpcf7_locale\" value=\"bg_BG\" \/>\n<input type=\"hidden\" name=\"_wpcf7_unit_tag\" value=\"wpcf7-f1092-o1\" \/>\n<input type=\"hidden\" name=\"_wpcf7_container_post\" value=\"0\" \/>\n<input type=\"hidden\" name=\"_wpcf7_posted_data_hash\" value=\"\" \/>\n<\/div>\n<div class=\"md-half-col-1\">\n\t<p><span class=\"wpcf7-form-control-wrap\" data-name=\"text-name\"><input size=\"40\" class=\"wpcf7-form-control wpcf7-text wpcf7-validates-as-required\" aria-required=\"true\" aria-invalid=\"false\" placeholder=\"*Name\" value=\"\" type=\"text\" name=\"text-name\" \/><\/span>\n\t<\/p>\n<\/div>\n<div class=\"md-half-col-2\">\n\t<p><span class=\"wpcf7-form-control-wrap\" data-name=\"tel-90\"><input size=\"40\" class=\"wpcf7-form-control wpcf7-text wpcf7-tel wpcf7-validates-as-required wpcf7-validates-as-tel\" aria-required=\"true\" aria-invalid=\"false\" placeholder=\"*Telefon\" value=\"\" type=\"tel\" name=\"tel-90\" \/><\/span>\n\t<\/p>\n<\/div>\n<div class=\"md-half-col-1\">\n\t<p><span class=\"wpcf7-form-control-wrap\" data-name=\"your-email\"><input size=\"40\" class=\"wpcf7-form-control wpcf7-text wpcf7-email wpcf7-validates-as-required wpcf7-validates-as-email\" aria-required=\"true\" aria-invalid=\"false\" placeholder=\"*Email\" value=\"\" type=\"email\" name=\"your-email\" \/><\/span>\n\t<\/p>\n<\/div>\n<div class=\"md-half-col-2\">\n\t<p><span class=\"wpcf7-form-control-wrap\" data-name=\"text-550\"><input size=\"40\" class=\"wpcf7-form-control wpcf7-text\" aria-invalid=\"false\" placeholder=\"Gesellschaft\" value=\"\" type=\"text\" name=\"text-550\" \/><\/span>\n\t<\/p>\n<\/div>\n<div class=\"md-full-width\">\n\t<p><span class=\"wpcf7-form-control-wrap\" data-name=\"textarea-note\"><textarea cols=\"4\" rows=\"3\" class=\"wpcf7-form-control wpcf7-textarea\" aria-invalid=\"false\" placeholder=\"Botschaft\" name=\"textarea-note\"><\/textarea><\/span>\n\t<\/p>\n<\/div>\n<div class=\"md-full-width\">\n\t<p><span class=\"wpcf7-form-control-wrap\" data-name=\"capital-quiz\"><label><span class=\"wpcf7-quiz-label\">Welche der beiden Zahlen ist gr\u00f6\u00dfer, 1 oder 9?<\/span> <input size=\"40\" class=\"wpcf7-form-control wpcf7-quiz\" id=\"md-sec\" autocomplete=\"off\" aria-required=\"true\" aria-invalid=\"false\" type=\"text\" name=\"capital-quiz\" \/><\/label><input type=\"hidden\" name=\"_wpcf7_quiz_answer_capital-quiz\" value=\"76ed8ab38682f49d7a40ae4e38047f7e\" \/><\/span>\n\t<\/p>\n<\/div>\n<div class=\"md-btn-submit\">\n\t<p><input class=\"wpcf7-form-control has-spinner wpcf7-submit\" type=\"submit\" value=\"Senden\" \/>\n\t<\/p>\n<\/div><div class=\"wpcf7-response-output\" aria-hidden=\"true\"><\/div>\n<\/form>\n<\/div>\n\n\t\t\t<\/div>\n\t<\/div>\n\t<\/div>\n\t<div class=\"ult-overlay-close top-right\" style=\"width:80px;height:80px; \"><div class=\"ult-overlay-close-inside\">Close<\/div><\/div>\n<\/div>[\/vc_column][\/vc_row][vc_row equal_height=&#8220;yes&#8220; content_placement=&#8220;middle&#8220; css=&#8220;.vc_custom_1674720976677{padding-top: 50px !important;padding-bottom: 50px !important;}&#8220;][vc_column width=&#8220;1\/2&#8243;]<div id=\"ultimate-heading-105169decd6b75e60\" class=\"uvc-heading ult-adjust-bottom-margin ultimate-heading-105169decd6b75e60 uvc-457 \" data-hspacer=\"no_spacer\"  data-halign=\"left\" style=\"text-align:left\"><div class=\"uvc-heading-spacer no_spacer\" style=\"top\"><\/div><div class=\"uvc-main-heading ult-responsive\"  data-ultimate-target='.uvc-heading.ultimate-heading-105169decd6b75e60 h2'  data-responsive-json-new='{\"font-size\":\"desktop:36px;tablet:34px;tablet_portrait:34px;mobile_landscape:34px;mobile:34px;\",\"line-height\":\"desktop:42px;tablet:36px;tablet_portrait:36px;mobile_landscape:36px;mobile:36px;\"}' ><h2 style=\"font-family:&#039;Jura&#039;;font-weight:700;margin-bottom:20px;\">Warum in ein Solarkraftwerk investieren?<\/h2><\/div><\/div>[vc_column_text]Der \u00dcbergang in die Energiezukunft bedeutet Ver\u00e4nderung. In naher Zukunft werden Unternehmen in der Lage sein, ihren Energiebedarf direkt im offenen Energiemarkt zu decken. Neben st\u00e4dtischen und etablierten Anbietern erscheinen immer mehr kleine Unternehmen \u00fcberzeugend auf den Markt. Die Anzahl der privaten Anbieter, die ihren \u00d6kostrom ins Netz einspeisen, nimmt zu.<\/p>\n<p>Die Prognosen f\u00fcr zuk\u00fcnftige Strompreise zeigen einen klaren Aufw\u00e4rtstrend, der Hand in Hand mit der stets steigenden Nachfrage nach Energie geht. Daher ist es g\u00fcnstig, in ein Solarkraftwerk zu investieren, um selbst zum Energieerzeuger zu werden.[\/vc_column_text][\/vc_column][vc_column width=&#8220;1\/2&#8243;][vc_single_image image=&#8220;940&#8243; img_size=&#8220;full&#8220;][\/vc_column][\/vc_row][vc_row content_placement=&#8220;middle&#8220; css=&#8220;.vc_custom_1674722704604{padding-top: 5% !important;padding-bottom: 5% !important;}&#8220;][vc_column]<div id=\"ultimate-heading-117869decd6b75e9e\" class=\"uvc-heading ult-adjust-bottom-margin ultimate-heading-117869decd6b75e9e uvc-827 \" data-hspacer=\"no_spacer\"  data-halign=\"left\" style=\"text-align:left\"><div class=\"uvc-heading-spacer no_spacer\" style=\"top\"><\/div><div class=\"uvc-main-heading ult-responsive\"  data-ultimate-target='.uvc-heading.ultimate-heading-117869decd6b75e9e h2'  data-responsive-json-new='{\"font-size\":\"desktop:42px;tablet:34px;tablet_portrait:34px;mobile_landscape:34px;mobile:34px;\",\"line-height\":\"desktop:50px;tablet:36px;tablet_portrait:36px;mobile_landscape:36px;mobile:36px;\"}' ><h2 style=\"font-family:&#039;Jura&#039;;font-weight:700;margin-bottom:5px;\">Abgeschlossene Projekte von Photovoltaik-Kraftwerken<\/h2><\/div><\/div>[\/vc_column][\/vc_row]<\/p>\n<\/section>","protected":false},"excerpt":{"rendered":"<p>[vc_row full_width=&#8220;stretch_row&#8220; css=&#8220;.vc_custom_1675080232725{background-color: #f7f7f7 !important;}&#8220;][vc_column][vc_column_text css=&#8220;.vc_custom_1683875393117{margin-bottom: 0px !important;}&#8220;]Fl\u00e4chen, die nicht f\u00fcr andere Zwecke genutzt werden k\u00f6nnen, bieten ideale Voraussetzungen f\u00fcr den Bau einer Photovoltaik-Freifl\u00e4chenanlage. In vielen europ\u00e4ischen L\u00e4ndern gibt es solche Freifl\u00e4chen, beispielsweise auf alten Industrie- oder W\u00fcstfl\u00e4chen. Oftmals ist die notwendige Infrastruktur f\u00fcr den Aufbau eines Solarparks bereits vorhanden: Stra\u00dfen, Z\u00e4une und Anschluss ans&hellip;<\/p>\n","protected":false},"author":1,"featured_media":0,"parent":0,"menu_order":0,"comment_status":"closed","ping_status":"closed","template":"template-portfolio-masonry.php","meta":{"footnotes":""},"class_list":["post-1130","page","type-page","status-publish","hentry","description-off"],"yoast_head":"<!-- This site is optimized with the Yoast SEO plugin v20.7 - https:\/\/yoast.com\/wordpress\/plugins\/seo\/ -->\n<title>Photovoltaikanlagen | ELSOL GmbH<\/title>\n<meta name=\"description\" content=\"Wir planen, bauen und warten Ihren schl\u00fcsselfertigen Solarpark. Wir bauen Photovoltaik-Freifl\u00e4chenanlagen mit einer Leistung von 1 MW bis \u00fcber 100 MW.\" \/>\n<meta name=\"robots\" content=\"index, follow, max-snippet:-1, max-image-preview:large, max-video-preview:-1\" \/>\n<link rel=\"canonical\" href=\"https:\/\/elsol.bg\/de\/solarparks\/\" \/>\n<meta property=\"og:locale\" content=\"de_DE\" \/>\n<meta property=\"og:type\" content=\"article\" \/>\n<meta property=\"og:title\" content=\"Photovoltaikanlagen | ELSOL GmbH\" \/>\n<meta property=\"og:description\" content=\"Wir planen, bauen und warten Ihren schl\u00fcsselfertigen Solarpark. Wir bauen Photovoltaik-Freifl\u00e4chenanlagen mit einer Leistung von 1 MW bis \u00fcber 100 MW.\" \/>\n<meta property=\"og:url\" content=\"https:\/\/elsol.bg\/de\/solarparks\/\" \/>\n<meta property=\"og:site_name\" content=\"Elsol GmbH\" \/>\n<meta property=\"article:modified_time\" content=\"2024-03-25T13:05:53+00:00\" \/>\n<meta name=\"twitter:card\" content=\"summary_large_image\" \/>\n<script type=\"application\/ld+json\" class=\"yoast-schema-graph\">{\"@context\":\"https:\/\/schema.org\",\"@graph\":[{\"@type\":\"WebPage\",\"@id\":\"https:\/\/elsol.bg\/de\/solarparks\/\",\"url\":\"https:\/\/elsol.bg\/de\/solarparks\/\",\"name\":\"Photovoltaikanlagen | ELSOL GmbH\",\"isPartOf\":{\"@id\":\"https:\/\/elsol.bg\/de\/#website\"},\"datePublished\":\"2022-07-28T12:42:30+00:00\",\"dateModified\":\"2024-03-25T13:05:53+00:00\",\"description\":\"Wir planen, bauen und warten Ihren schl\u00fcsselfertigen Solarpark. Wir bauen Photovoltaik-Freifl\u00e4chenanlagen mit einer Leistung von 1 MW bis \u00fcber 100 MW.\",\"breadcrumb\":{\"@id\":\"https:\/\/elsol.bg\/de\/solarparks\/#breadcrumb\"},\"inLanguage\":\"de\",\"potentialAction\":[{\"@type\":\"ReadAction\",\"target\":[\"https:\/\/elsol.bg\/de\/solarparks\/\"]}]},{\"@type\":\"BreadcrumbList\",\"@id\":\"https:\/\/elsol.bg\/de\/solarparks\/#breadcrumb\",\"itemListElement\":[{\"@type\":\"ListItem\",\"position\":1,\"name\":\"\u041d\u0430\u0447\u0430\u043b\u043e\",\"item\":\"https:\/\/elsol.bg\/de\/\"},{\"@type\":\"ListItem\",\"position\":2,\"name\":\"Solarparks\"}]},{\"@type\":\"WebSite\",\"@id\":\"https:\/\/elsol.bg\/de\/#website\",\"url\":\"https:\/\/elsol.bg\/de\/\",\"name\":\"Elsol GmbH\",\"description\":\"\u0421\u043e\u043b\u0430\u0440\u043d\u0438 \u0441\u0438\u0441\u0442\u0435\u043c\u0438 \u0437\u0430 \u0431\u0438\u0437\u043d\u0435\u0441\u0430 \u0438 \u0434\u043e\u043c\u0430\",\"publisher\":{\"@id\":\"https:\/\/elsol.bg\/de\/#organization\"},\"potentialAction\":[{\"@type\":\"SearchAction\",\"target\":{\"@type\":\"EntryPoint\",\"urlTemplate\":\"https:\/\/elsol.bg\/de\/?s={search_term_string}\"},\"query-input\":\"required name=search_term_string\"}],\"inLanguage\":\"de\"},{\"@type\":\"Organization\",\"@id\":\"https:\/\/elsol.bg\/de\/#organization\",\"name\":\"Elsol GmbH\",\"url\":\"https:\/\/elsol.bg\/de\/\",\"logo\":{\"@type\":\"ImageObject\",\"inLanguage\":\"de\",\"@id\":\"https:\/\/elsol.bg\/de\/#\/schema\/logo\/image\/\",\"url\":\"https:\/\/elsol.bg\/wp-content\/uploads\/2022\/10\/Elsol_new-logo-desktop.png\",\"contentUrl\":\"https:\/\/elsol.bg\/wp-content\/uploads\/2022\/10\/Elsol_new-logo-desktop.png\",\"width\":364,\"height\":70,\"caption\":\"Elsol GmbH\"},\"image\":{\"@id\":\"https:\/\/elsol.bg\/de\/#\/schema\/logo\/image\/\"}}]}<\/script>\n<!-- \/ Yoast SEO plugin. -->","yoast_head_json":{"title":"Photovoltaikanlagen | ELSOL GmbH","description":"Wir planen, bauen und warten Ihren schl\u00fcsselfertigen Solarpark. Wir bauen Photovoltaik-Freifl\u00e4chenanlagen mit einer Leistung von 1 MW bis \u00fcber 100 MW.","robots":{"index":"index","follow":"follow","max-snippet":"max-snippet:-1","max-image-preview":"max-image-preview:large","max-video-preview":"max-video-preview:-1"},"canonical":"https:\/\/elsol.bg\/de\/solarparks\/","og_locale":"de_DE","og_type":"article","og_title":"Photovoltaikanlagen | ELSOL GmbH","og_description":"Wir planen, bauen und warten Ihren schl\u00fcsselfertigen Solarpark. Wir bauen Photovoltaik-Freifl\u00e4chenanlagen mit einer Leistung von 1 MW bis \u00fcber 100 MW.","og_url":"https:\/\/elsol.bg\/de\/solarparks\/","og_site_name":"Elsol GmbH","article_modified_time":"2024-03-25T13:05:53+00:00","twitter_card":"summary_large_image","schema":{"@context":"https:\/\/schema.org","@graph":[{"@type":"WebPage","@id":"https:\/\/elsol.bg\/de\/solarparks\/","url":"https:\/\/elsol.bg\/de\/solarparks\/","name":"Photovoltaikanlagen | ELSOL GmbH","isPartOf":{"@id":"https:\/\/elsol.bg\/de\/#website"},"datePublished":"2022-07-28T12:42:30+00:00","dateModified":"2024-03-25T13:05:53+00:00","description":"Wir planen, bauen und warten Ihren schl\u00fcsselfertigen Solarpark. Wir bauen Photovoltaik-Freifl\u00e4chenanlagen mit einer Leistung von 1 MW bis \u00fcber 100 MW.","breadcrumb":{"@id":"https:\/\/elsol.bg\/de\/solarparks\/#breadcrumb"},"inLanguage":"de","potentialAction":[{"@type":"ReadAction","target":["https:\/\/elsol.bg\/de\/solarparks\/"]}]},{"@type":"BreadcrumbList","@id":"https:\/\/elsol.bg\/de\/solarparks\/#breadcrumb","itemListElement":[{"@type":"ListItem","position":1,"name":"\u041d\u0430\u0447\u0430\u043b\u043e","item":"https:\/\/elsol.bg\/de\/"},{"@type":"ListItem","position":2,"name":"Solarparks"}]},{"@type":"WebSite","@id":"https:\/\/elsol.bg\/de\/#website","url":"https:\/\/elsol.bg\/de\/","name":"Elsol GmbH","description":"\u0421\u043e\u043b\u0430\u0440\u043d\u0438 \u0441\u0438\u0441\u0442\u0435\u043c\u0438 \u0437\u0430 \u0431\u0438\u0437\u043d\u0435\u0441\u0430 \u0438 \u0434\u043e\u043c\u0430","publisher":{"@id":"https:\/\/elsol.bg\/de\/#organization"},"potentialAction":[{"@type":"SearchAction","target":{"@type":"EntryPoint","urlTemplate":"https:\/\/elsol.bg\/de\/?s={search_term_string}"},"query-input":"required name=search_term_string"}],"inLanguage":"de"},{"@type":"Organization","@id":"https:\/\/elsol.bg\/de\/#organization","name":"Elsol GmbH","url":"https:\/\/elsol.bg\/de\/","logo":{"@type":"ImageObject","inLanguage":"de","@id":"https:\/\/elsol.bg\/de\/#\/schema\/logo\/image\/","url":"https:\/\/elsol.bg\/wp-content\/uploads\/2022\/10\/Elsol_new-logo-desktop.png","contentUrl":"https:\/\/elsol.bg\/wp-content\/uploads\/2022\/10\/Elsol_new-logo-desktop.png","width":364,"height":70,"caption":"Elsol GmbH"},"image":{"@id":"https:\/\/elsol.bg\/de\/#\/schema\/logo\/image\/"}}]}},"_links":{"self":[{"href":"https:\/\/elsol.bg\/de\/wp-json\/wp\/v2\/pages\/1130","targetHints":{"allow":["GET"]}}],"collection":[{"href":"https:\/\/elsol.bg\/de\/wp-json\/wp\/v2\/pages"}],"about":[{"href":"https:\/\/elsol.bg\/de\/wp-json\/wp\/v2\/types\/page"}],"author":[{"embeddable":true,"href":"https:\/\/elsol.bg\/de\/wp-json\/wp\/v2\/users\/1"}],"replies":[{"embeddable":true,"href":"https:\/\/elsol.bg\/de\/wp-json\/wp\/v2\/comments?post=1130"}],"version-history":[{"count":4,"href":"https:\/\/elsol.bg\/de\/wp-json\/wp\/v2\/pages\/1130\/revisions"}],"predecessor-version":[{"id":1700,"href":"https:\/\/elsol.bg\/de\/wp-json\/wp\/v2\/pages\/1130\/revisions\/1700"}],"wp:attachment":[{"href":"https:\/\/elsol.bg\/de\/wp-json\/wp\/v2\/media?parent=1130"}],"curies":[{"name":"wp","href":"https:\/\/api.w.org\/{rel}","templated":true}]}}