{"id":1162,"date":"2022-07-28T14:44:02","date_gmt":"2022-07-28T12:44:02","guid":{"rendered":"https:\/\/elsol.bg\/?page_id=1162"},"modified":"2023-05-12T12:44:50","modified_gmt":"2023-05-12T10:44:50","slug":"blog","status":"publish","type":"page","link":"https:\/\/elsol.bg\/de\/blog\/","title":{"rendered":"Blog"},"content":{"rendered":"<section class=\"wpb-content-wrapper\"><p>[vc_row][vc_column][\/vc_column][\/vc_row]<\/p>\n<\/section>","protected":false},"excerpt":{"rendered":"<p>[vc_row][vc_column][\/vc_column][\/vc_row]<\/p>\n","protected":false},"author":1,"featured_media":0,"parent":0,"menu_order":0,"comment_status":"closed","ping_status":"closed","template":"template-blog-list.php","meta":{"footnotes":""},"class_list":["post-1162","page","type-page","status-publish","hentry","description-off"],"yoast_head":"<!-- This site is optimized with the Yoast SEO plugin v20.7 - https:\/\/yoast.com\/wordpress\/plugins\/seo\/ -->\n<title>Aktuelle und n\u00fctzliche Nachrichten \u00fcber Photovoltaik-Anlagen<\/title>\n<meta name=\"description\" content=\"Im Blog von Elsol finden Sie interessante und n\u00fctzliche Informationen \u00fcber Solaranlagen, unsere Arbeit und die Erfolge, die wir erzielen.\" \/>\n<meta name=\"robots\" content=\"index, follow, max-snippet:-1, max-image-preview:large, max-video-preview:-1\" \/>\n<link rel=\"canonical\" href=\"https:\/\/elsol.bg\/de\/blog\/\" \/>\n<meta property=\"og:locale\" content=\"de_DE\" \/>\n<meta property=\"og:type\" content=\"article\" \/>\n<meta property=\"og:title\" content=\"Aktuelle und n\u00fctzliche Nachrichten \u00fcber Photovoltaik-Anlagen\" \/>\n<meta property=\"og:description\" content=\"Im Blog von Elsol finden Sie interessante und n\u00fctzliche Informationen \u00fcber Solaranlagen, unsere Arbeit und die Erfolge, die wir erzielen.\" \/>\n<meta property=\"og:url\" content=\"https:\/\/elsol.bg\/de\/blog\/\" \/>\n<meta property=\"og:site_name\" content=\"Elsol GmbH\" \/>\n<meta property=\"article:modified_time\" content=\"2023-05-12T10:44:50+00:00\" \/>\n<meta name=\"twitter:card\" content=\"summary_large_image\" \/>\n<script type=\"application\/ld+json\" class=\"yoast-schema-graph\">{\"@context\":\"https:\/\/schema.org\",\"@graph\":[{\"@type\":\"WebPage\",\"@id\":\"https:\/\/elsol.bg\/de\/blog\/\",\"url\":\"https:\/\/elsol.bg\/de\/blog\/\",\"name\":\"Aktuelle und n\u00fctzliche Nachrichten \u00fcber Photovoltaik-Anlagen\",\"isPartOf\":{\"@id\":\"https:\/\/elsol.bg\/de\/#website\"},\"datePublished\":\"2022-07-28T12:44:02+00:00\",\"dateModified\":\"2023-05-12T10:44:50+00:00\",\"description\":\"Im Blog von Elsol finden Sie interessante und n\u00fctzliche Informationen \u00fcber Solaranlagen, unsere Arbeit und die Erfolge, die wir erzielen.\",\"breadcrumb\":{\"@id\":\"https:\/\/elsol.bg\/de\/blog\/#breadcrumb\"},\"inLanguage\":\"de\",\"potentialAction\":[{\"@type\":\"ReadAction\",\"target\":[\"https:\/\/elsol.bg\/de\/blog\/\"]}]},{\"@type\":\"BreadcrumbList\",\"@id\":\"https:\/\/elsol.bg\/de\/blog\/#breadcrumb\",\"itemListElement\":[{\"@type\":\"ListItem\",\"position\":1,\"name\":\"\u041d\u0430\u0447\u0430\u043b\u043e\",\"item\":\"https:\/\/elsol.bg\/de\/\"},{\"@type\":\"ListItem\",\"position\":2,\"name\":\"Blog\"}]},{\"@type\":\"WebSite\",\"@id\":\"https:\/\/elsol.bg\/de\/#website\",\"url\":\"https:\/\/elsol.bg\/de\/\",\"name\":\"Elsol GmbH\",\"description\":\"\u0421\u043e\u043b\u0430\u0440\u043d\u0438 \u0441\u0438\u0441\u0442\u0435\u043c\u0438 \u0437\u0430 \u0431\u0438\u0437\u043d\u0435\u0441\u0430 \u0438 \u0434\u043e\u043c\u0430\",\"publisher\":{\"@id\":\"https:\/\/elsol.bg\/de\/#organization\"},\"potentialAction\":[{\"@type\":\"SearchAction\",\"target\":{\"@type\":\"EntryPoint\",\"urlTemplate\":\"https:\/\/elsol.bg\/de\/?s={search_term_string}\"},\"query-input\":\"required name=search_term_string\"}],\"inLanguage\":\"de\"},{\"@type\":\"Organization\",\"@id\":\"https:\/\/elsol.bg\/de\/#organization\",\"name\":\"Elsol GmbH\",\"url\":\"https:\/\/elsol.bg\/de\/\",\"logo\":{\"@type\":\"ImageObject\",\"inLanguage\":\"de\",\"@id\":\"https:\/\/elsol.bg\/de\/#\/schema\/logo\/image\/\",\"url\":\"https:\/\/elsol.bg\/wp-content\/uploads\/2022\/10\/Elsol_new-logo-desktop.png\",\"contentUrl\":\"https:\/\/elsol.bg\/wp-content\/uploads\/2022\/10\/Elsol_new-logo-desktop.png\",\"width\":364,\"height\":70,\"caption\":\"Elsol GmbH\"},\"image\":{\"@id\":\"https:\/\/elsol.bg\/de\/#\/schema\/logo\/image\/\"}}]}<\/script>\n<!-- \/ Yoast SEO plugin. -->","yoast_head_json":{"title":"Aktuelle und n\u00fctzliche Nachrichten \u00fcber Photovoltaik-Anlagen","description":"Im Blog von Elsol finden Sie interessante und n\u00fctzliche Informationen \u00fcber Solaranlagen, unsere Arbeit und die Erfolge, die wir erzielen.","robots":{"index":"index","follow":"follow","max-snippet":"max-snippet:-1","max-image-preview":"max-image-preview:large","max-video-preview":"max-video-preview:-1"},"canonical":"https:\/\/elsol.bg\/de\/blog\/","og_locale":"de_DE","og_type":"article","og_title":"Aktuelle und n\u00fctzliche Nachrichten \u00fcber Photovoltaik-Anlagen","og_description":"Im Blog von Elsol finden Sie interessante und n\u00fctzliche Informationen \u00fcber Solaranlagen, unsere Arbeit und die Erfolge, die wir erzielen.","og_url":"https:\/\/elsol.bg\/de\/blog\/","og_site_name":"Elsol GmbH","article_modified_time":"2023-05-12T10:44:50+00:00","twitter_card":"summary_large_image","schema":{"@context":"https:\/\/schema.org","@graph":[{"@type":"WebPage","@id":"https:\/\/elsol.bg\/de\/blog\/","url":"https:\/\/elsol.bg\/de\/blog\/","name":"Aktuelle und n\u00fctzliche Nachrichten \u00fcber Photovoltaik-Anlagen","isPartOf":{"@id":"https:\/\/elsol.bg\/de\/#website"},"datePublished":"2022-07-28T12:44:02+00:00","dateModified":"2023-05-12T10:44:50+00:00","description":"Im Blog von Elsol finden Sie interessante und n\u00fctzliche Informationen \u00fcber Solaranlagen, unsere Arbeit und die Erfolge, die wir erzielen.","breadcrumb":{"@id":"https:\/\/elsol.bg\/de\/blog\/#breadcrumb"},"inLanguage":"de","potentialAction":[{"@type":"ReadAction","target":["https:\/\/elsol.bg\/de\/blog\/"]}]},{"@type":"BreadcrumbList","@id":"https:\/\/elsol.bg\/de\/blog\/#breadcrumb","itemListElement":[{"@type":"ListItem","position":1,"name":"\u041d\u0430\u0447\u0430\u043b\u043e","item":"https:\/\/elsol.bg\/de\/"},{"@type":"ListItem","position":2,"name":"Blog"}]},{"@type":"WebSite","@id":"https:\/\/elsol.bg\/de\/#website","url":"https:\/\/elsol.bg\/de\/","name":"Elsol GmbH","description":"\u0421\u043e\u043b\u0430\u0440\u043d\u0438 \u0441\u0438\u0441\u0442\u0435\u043c\u0438 \u0437\u0430 \u0431\u0438\u0437\u043d\u0435\u0441\u0430 \u0438 \u0434\u043e\u043c\u0430","publisher":{"@id":"https:\/\/elsol.bg\/de\/#organization"},"potentialAction":[{"@type":"SearchAction","target":{"@type":"EntryPoint","urlTemplate":"https:\/\/elsol.bg\/de\/?s={search_term_string}"},"query-input":"required name=search_term_string"}],"inLanguage":"de"},{"@type":"Organization","@id":"https:\/\/elsol.bg\/de\/#organization","name":"Elsol GmbH","url":"https:\/\/elsol.bg\/de\/","logo":{"@type":"ImageObject","inLanguage":"de","@id":"https:\/\/elsol.bg\/de\/#\/schema\/logo\/image\/","url":"https:\/\/elsol.bg\/wp-content\/uploads\/2022\/10\/Elsol_new-logo-desktop.png","contentUrl":"https:\/\/elsol.bg\/wp-content\/uploads\/2022\/10\/Elsol_new-logo-desktop.png","width":364,"height":70,"caption":"Elsol GmbH"},"image":{"@id":"https:\/\/elsol.bg\/de\/#\/schema\/logo\/image\/"}}]}},"_links":{"self":[{"href":"https:\/\/elsol.bg\/de\/wp-json\/wp\/v2\/pages\/1162","targetHints":{"allow":["GET"]}}],"collection":[{"href":"https:\/\/elsol.bg\/de\/wp-json\/wp\/v2\/pages"}],"about":[{"href":"https:\/\/elsol.bg\/de\/wp-json\/wp\/v2\/types\/page"}],"author":[{"embeddable":true,"href":"https:\/\/elsol.bg\/de\/wp-json\/wp\/v2\/users\/1"}],"replies":[{"embeddable":true,"href":"https:\/\/elsol.bg\/de\/wp-json\/wp\/v2\/comments?post=1162"}],"version-history":[{"count":2,"href":"https:\/\/elsol.bg\/de\/wp-json\/wp\/v2\/pages\/1162\/revisions"}],"predecessor-version":[{"id":1164,"href":"https:\/\/elsol.bg\/de\/wp-json\/wp\/v2\/pages\/1162\/revisions\/1164"}],"wp:attachment":[{"href":"https:\/\/elsol.bg\/de\/wp-json\/wp\/v2\/media?parent=1162"}],"curies":[{"name":"wp","href":"https:\/\/api.w.org\/{rel}","templated":true}]}}