{"id":1286,"date":"2023-02-20T14:18:56","date_gmt":"2023-02-20T12:18:56","guid":{"rendered":"https:\/\/elsol.bg\/?page_id=1286"},"modified":"2023-05-16T17:25:57","modified_gmt":"2023-05-16T15:25:57","slug":"finanzierung","status":"publish","type":"page","link":"https:\/\/elsol.bg\/de\/finanzierung\/","title":{"rendered":"Finanzierung"},"content":{"rendered":"<section class=\"wpb-content-wrapper\"><p>[vc_row el_id=&#8220;md-pv-business&#8220;][vc_column]<div id=\"ultimate-heading-880569dbc0f0e609f\" class=\"uvc-heading ult-adjust-bottom-margin ultimate-heading-880569dbc0f0e609f uvc-8747 \" data-hspacer=\"no_spacer\"  data-halign=\"left\" style=\"text-align:left\"><div class=\"uvc-heading-spacer no_spacer\" style=\"top\"><\/div><div class=\"uvc-main-heading ult-responsive\"  data-ultimate-target='.uvc-heading.ultimate-heading-880569dbc0f0e609f h1'  data-responsive-json-new='{\"font-size\":\"desktop:40px;tablet:34px;tablet_portrait:34px;mobile_landscape:30px;mobile:30px;\",\"line-height\":\"desktop:48px;tablet:40px;tablet_portrait:40px;mobile_landscape:40px;mobile:40px;\"}' ><h1 style=\"font-family:&#039;Jura&#039;;font-weight:700;margin-bottom:30px;\">EU-Finanzierung f\u00fcr Photovoltaik-Anlage<\/h1><\/div><\/div><div id=\"ultimate-heading-175469dbc0f0e611b\" class=\"uvc-heading ult-adjust-bottom-margin ultimate-heading-175469dbc0f0e611b uvc-2831 \" data-hspacer=\"no_spacer\"  data-halign=\"left\" style=\"text-align:left\"><div class=\"uvc-heading-spacer no_spacer\" style=\"top\"><\/div><div class=\"uvc-main-heading ult-responsive\"  data-ultimate-target='.uvc-heading.ultimate-heading-175469dbc0f0e611b h2'  data-responsive-json-new='{\"font-size\":\"desktop:30px;mobile_landscape:26px;mobile:26px;\",\"line-height\":\"desktop:38px;mobile_landscape:34px;mobile:34px;\"}' ><h2 style=\"font-family:&#039;Jura&#039;;font-weight:700;margin-bottom:20px;\">Programm zur Errichtung neuer erneuerbaren Energien f\u00fcr Eigenverbrauch im Gesch\u00e4ftsbereich <\/h2><\/div><\/div>[vc_column_text]Das Ministerium f\u00fcr Innovation und Wachstum hat ein Programm zur Finanzierung von Mikro-, kleinen und mittleren Unternehmen gestartet, um neue Anlagen zur Stromerzeugung aus erneuerbaren Energien zu installieren. Die Ma\u00dfnahme konzentriert sich ausschlie\u00dflich auf Solarstromanlagen und besteht darin, Photovoltaik-Kraftwerke f\u00fcr den Eigenverbrauch bis zu 1 MW zu errichten, die obligatorisch mit Batterien zur Speicherung der erzeugten Leistung ausgestattet sind. Das Gesamtbudget, das f\u00fcr dieses Programm zur Verf\u00fcgung gestellt wird, betr\u00e4gt 200 Mio. BGN.[\/vc_column_text][\/vc_column][\/vc_row][vc_row gap=&#8220;35&#8243; equal_height=&#8220;yes&#8220;][vc_column offset=&#8220;vc_col-lg-6 vc_col-md-6&#8243; css=&#8220;.vc_custom_1676904829934{border-top-width: 1px !important;border-right-width: 1px !important;border-bottom-width: 1px !important;border-left-width: 1px !important;padding-top: 15px !important;padding-right: 25px !important;padding-bottom: 15px !important;padding-left: 25px !important;background-color: #f9f9f9 !important;border-left-color: #f9f9f9 !important;border-left-style: solid !important;border-right-color: #f9f9f9 !important;border-right-style: solid !important;border-top-color: #f9f9f9 !important;border-top-style: solid !important;border-bottom-color: #f9f9f9 !important;border-bottom-style: solid !important;}&#8220;]<div id=\"ultimate-heading-878769dbc0f0e6162\" class=\"uvc-heading ult-adjust-bottom-margin ultimate-heading-878769dbc0f0e6162 uvc-8038 \" data-hspacer=\"no_spacer\"  data-halign=\"left\" style=\"text-align:left\"><div class=\"uvc-heading-spacer no_spacer\" style=\"top\"><\/div><div class=\"uvc-main-heading ult-responsive\"  data-ultimate-target='.uvc-heading.ultimate-heading-878769dbc0f0e6162 h3'  data-responsive-json-new='{\"font-size\":\"desktop:26px;\",\"line-height\":\"desktop:34px;\"}' ><h3 style=\"font-family:&#039;Jura&#039;;font-weight:700;margin-bottom:20px;\">Wer kann sich f\u00fcr das Programm bewerben?<\/h3><\/div><\/div>[vc_column_text]<strong>Zul\u00e4ssige Bewerber sind alle KMU aus allen Branchen, die folgende Anforderungen erf\u00fcllen<\/strong><strong>:<\/strong>[\/vc_column_text]<div class=\"standard-arrow bullet-top\"><ul>\n<li>Industrieunternehmen in den Bereichen B, C, E und F<\/li>\n<li>Dienstleistungsunternehmen in den Bereichen G, H, I, J, L, M, N, P, Q, R und S<\/li>\n<li>Sie m\u00fcssen sp\u00e4testens am 31.12.2019 registriert sein<\/li>\n<li>Sie m\u00fcssen Nettoums\u00e4tze aus Verk\u00e4ufen f\u00fcr das Finanzjahr 2021 realisiert haben:<br \/>\n1. f\u00fcr Mikro-Unternehmen \u00fcber 80 Tsd. BGN;<br \/>\n2. f\u00fcr kleine Unternehmen \u00fcber 200 Tsd. BGN;<br \/>\n3. f\u00fcr mittlere Unternehmen \u00fcber 800 Tsd. BGN;<br \/>\n4. f\u00fcr ein kleines Unternehmen mit mittlerer Marktkapitalisierung oder ein Unternehmen mit mittlerer Marktkapitalisierung von \u00fcber 3 Mio. BGN.<\/li>\n<li>Die Investition muss der Hauptwirtschaftst\u00e4tigkeit des Bewerbers gem\u00e4\u00df NACE-2008 entsprechen.<\/li>\n<\/ul>\n<\/div>[vc_column_text css=&#8220;.vc_custom_1684249726293{padding-top: 10px !important;padding-right: 10px !important;padding-bottom: 10px !important;padding-left: 10px !important;}&#8220;]<i class=\"fa icon-info\" style=\"font-size: 20px;\"><\/i> Um sich zu bewerben, m\u00fcssen die Unternehmen einen vorbereiteten Vorentwurf oder einen technischen Projekt \/ Arbeitsprojekt haben, der von einer Person mit Projektberechtigung erstellt wurde und im entsprechenden Register der Ingenieurkammer f\u00fcr Investitionsplanung eingetragen ist.[\/vc_column_text][\/vc_column][vc_column offset=&#8220;vc_col-lg-6 vc_col-md-6&#8243; css=&#8220;.vc_custom_1676904895622{border-top-width: 1px !important;border-right-width: 1px !important;border-bottom-width: 1px !important;border-left-width: 1px !important;padding-top: 15px !important;padding-right: 25px !important;padding-bottom: 15px !important;padding-left: 25px !important;background-color: #f9f9f9 !important;border-left-color: #f9f9f9 !important;border-left-style: solid !important;border-right-color: #f9f9f9 !important;border-right-style: solid !important;border-top-color: #f9f9f9 !important;border-top-style: solid !important;border-bottom-color: #f9f9f9 !important;border-bottom-style: solid !important;}&#8220;]<div id=\"ultimate-heading-356269dbc0f0e621e\" class=\"uvc-heading ult-adjust-bottom-margin ultimate-heading-356269dbc0f0e621e uvc-2590 \" data-hspacer=\"no_spacer\"  data-halign=\"left\" style=\"text-align:left\"><div class=\"uvc-heading-spacer no_spacer\" style=\"top\"><\/div><div class=\"uvc-main-heading ult-responsive\"  data-ultimate-target='.uvc-heading.ultimate-heading-356269dbc0f0e621e h3'  data-responsive-json-new='{\"font-size\":\"desktop:26px;\",\"line-height\":\"desktop:34px;\"}' ><h3 style=\"font-family:&#039;Jura&#039;;font-weight:700;margin-bottom:20px;\">Wie hoch ist der Prozent f\u00fcr unentgeltliche Hilfe?<\/h3><\/div><\/div>[vc_column_text]Je nach Kategorie des Bewerberunternehmens und ob seine T\u00e4tigkeit in oder au\u00dferhalb der Region S\u00fcdwest liegt, kann der Prozent f\u00fcr unentgeltliche Hilfe zwischen 35% und 50% liegen.<\/p>\n<p><strong>Beispiel:<\/strong> Ein mittelst\u00e4ndisches Unternehmen kann bis zu 45% des Projektwerts erhalten, wenn es sich in der Region S\u00fcdwest Bulgariens befindet, und bis zu 50%, wenn es sich in einer anderen Region des Landes befindet.[\/vc_column_text]<div id=\"ultimate-heading-557769dbc0f0e625f\" class=\"uvc-heading ult-adjust-bottom-margin ultimate-heading-557769dbc0f0e625f uvc-2057 \" data-hspacer=\"no_spacer\"  data-halign=\"left\" style=\"text-align:left\"><div class=\"uvc-heading-spacer no_spacer\" style=\"top\"><\/div><div class=\"uvc-main-heading ult-responsive\"  data-ultimate-target='.uvc-heading.ultimate-heading-557769dbc0f0e625f h3'  data-responsive-json-new='{\"font-size\":\"desktop:26px;\",\"line-height\":\"desktop:34px;\"}' ><h3 style=\"font-family:&#039;Jura&#039;;font-weight:700;margin-bottom:20px;\">Was ist die H\u00f6he von unentgeltlicher Finanzierung?<\/h3><\/div><\/div>[vc_column_text]<strong>Die Mindesth\u00f6he der unentgeltlicher Finanzierung betr\u00e4gt 75.000 BGN.<\/strong> Die maximale H\u00f6he h\u00e4ngt vom Umsatz des Bewerberunternehmens und dessen Kategorie ab.<\/p>\n<p><strong>Der maximale Betrag<\/strong>, der man unentgeltlich erhalten kann, betr\u00e4gt bis <strong>zu 1 Million BGN<\/strong>, aber nicht mehr als: f\u00fcr Mikro-, Klein- und Mittelunternehmen oder kleine Unternehmen mit mittlerer Marktkapitalisierung und Unternehmen mit mittlerer Marktkapitalisierung jeweils 90%, 60% und 25%, 10% der realisierten durchschnittlichen j\u00e4hrlichen Nettoverkaufserl\u00f6se f\u00fcr den dreij\u00e4hrigen Zeitraum 2019, 2020 und 2021.[\/vc_column_text][\/vc_column][\/vc_row][vc_row content_placement=&#8220;middle&#8220; css=&#8220;.vc_custom_1676905245775{margin-top: 35px !important;margin-bottom: 45px !important;padding-top: 25px !important;padding-right: 25px !important;padding-bottom: 10px !important;padding-left: 25px !important;background-color: #f9f9f9 !important;}&#8220;][vc_column css=&#8220;.vc_custom_1676905183815{padding-top: 0px !important;padding-bottom: 0px !important;}&#8220;]<div id=\"ultimate-heading-535469dbc0f0e6289\" class=\"uvc-heading ult-adjust-bottom-margin ultimate-heading-535469dbc0f0e6289 uvc-7504 \" data-hspacer=\"no_spacer\"  data-halign=\"left\" style=\"text-align:left\"><div class=\"uvc-heading-spacer no_spacer\" style=\"top\"><\/div><div class=\"uvc-main-heading ult-responsive\"  data-ultimate-target='.uvc-heading.ultimate-heading-535469dbc0f0e6289 h3'  data-responsive-json-new='{\"font-size\":\"desktop:26px;\",\"line-height\":\"desktop:34px;\"}' ><h3 style=\"font-family:&#039;Jura&#039;;font-weight:700;margin-bottom:10px;\">Bis wann kann man sich bewerben?<\/h3><\/div><\/div>[vc_column_text]Unternehmen, die das Programm zur Kostensenkung durch den Bau von Solaranlagen nutzen m\u00f6chten, k\u00f6nnen bis 16:30 Uhr am 15. Mai 2023 Unterlagen einreichen.[\/vc_column_text][\/vc_column][\/vc_row][vc_row equal_height=&#8220;yes&#8220; content_placement=&#8220;middle&#8220; css=&#8220;.vc_custom_1676903629951{margin-bottom: 60px !important;}&#8220;][vc_column css=&#8220;.vc_custom_1676903825786{padding-top: 30px !important;padding-bottom: 60px !important;padding-left: 30px !important;background-image: url(https:\/\/elsol.bg\/wp-content\/uploads\/2023\/02\/PV-system-banner-finance.jpg?id=525) !important;background-position: 0 0 !important;background-repeat: no-repeat !important;}&#8220; offset=&#8220;vc_col-lg-4\/5 vc_col-md-4\/5&#8243;]<div id=\"ultimate-heading-431469dbc0f0e62b0\" class=\"uvc-heading ult-adjust-bottom-margin ultimate-heading-431469dbc0f0e62b0 uvc-6817 \" data-hspacer=\"no_spacer\"  data-halign=\"left\" style=\"text-align:left\"><div class=\"uvc-heading-spacer no_spacer\" style=\"top\"><\/div><div class=\"uvc-main-heading ult-responsive\"  data-ultimate-target='.uvc-heading.ultimate-heading-431469dbc0f0e62b0 h3'  data-responsive-json-new='{\"font-size\":\"desktop:36px;tablet:30px;tablet_portrait:30px;mobile_landscape:30px;mobile:30px;\",\"line-height\":\"desktop:42px;tablet:40px;tablet_portrait:40px;mobile_landscape:40px;mobile:40px;\"}' ><h3 style=\"font-family:&#039;Jura&#039;;font-weight:700;color:#ffffff;margin-bottom:10px;\">Wenden Sie sich an uns f\u00fcr Unterst\u00fctzung<\/h3><\/div><div class=\"uvc-sub-heading ult-responsive\"  data-ultimate-target='.uvc-heading.ultimate-heading-431469dbc0f0e62b0 .uvc-sub-heading '  data-responsive-json-new='{\"font-size\":\"desktop:22px;tablet:18px;tablet_portrait:18px;mobile_landscape:18px;mobile:18px;\",\"line-height\":\"desktop:32px;tablet:28px;tablet_portrait:28px;mobile_landscape:28px;mobile:28px;\"}'  style=\"font-family:&#039;Jura&#039;;font-weight:700;color:#ffffff;\">Haben Sie Fragen zur Finanzierung Ihres Projekts? Wenden Sie sich bitte an die Experten von Elsol.<\/div><\/div>[\/vc_column][vc_column css=&#8220;.vc_custom_1676904004042{padding-bottom: 20px !important;background-color: #ffd500 !important;}&#8220; offset=&#8220;vc_col-lg-1\/5 vc_col-md-1\/5&#8243;]<style type=\"text\/css\">#dt-btn-1 {color: #ffffff;border-color: #ffffff;}#dt-btn-1 > .text-wrap * {color: #ffffff;}#dt-btn-1:hover {color: #ffffff;}#dt-btn-1:hover > .text-wrap * {color: #ffffff;}<\/style><div class=\"text-centered\"><a href=\"tel:+359888777222\" class=\"btn-shortcode dt-btn-m dt-btn outline-bg-btn custom-btn-color custom-btn-hover-color accent-btn-bg-hover-color\" id=\"dt-btn-1\"><i class=\"fa icon-phone\"><\/i><span>Rufen Sie uns an<\/span><\/a><\/div>[\/vc_column][\/vc_row][vc_row el_id=&#8220;md-pv-home&#8220;][vc_column]<div id=\"ultimate-heading-56569dbc0f0e635d\" class=\"uvc-heading ult-adjust-bottom-margin ultimate-heading-56569dbc0f0e635d uvc-3396 \" data-hspacer=\"no_spacer\"  data-halign=\"left\" style=\"text-align:left\"><div class=\"uvc-heading-spacer no_spacer\" style=\"top\"><\/div><div class=\"uvc-main-heading ult-responsive\"  data-ultimate-target='.uvc-heading.ultimate-heading-56569dbc0f0e635d h3'  data-responsive-json-new='{\"font-size\":\"desktop:30px;mobile_landscape:26px;mobile:26px;\",\"line-height\":\"desktop:38px;mobile_landscape:34px;mobile:34px;\"}' ><h3 style=\"font-family:&#039;Jura&#039;;font-weight:700;margin-bottom:20px;\">Programm zum Aufbau von Photovoltaikanlagen f\u00fcr Haushalte<\/h3><\/div><\/div>[vc_column_text]Haushalte, die mit festen Brennstoffen (Holz, Kohle, Pellets) heizen und \u00d6fen, Kamine oder Kessel verwenden, k\u00f6nnen von einer kostenlosen Finanzierung zum Austausch auf Photovoltaikanlagen (PV) profitieren. <strong>Es wird auf zwei Arten beworben &#8211; f\u00fcr bereits installierte Solarsysteme nach dem 7. Juni 2022 und f\u00fcr solche, die noch gebaut werden m\u00fcssen.<\/strong><\/p>\n<p>F\u00fcr Solaranlagen ist <strong>KEINE Baugenehmigung erforderlich<\/strong>, sie k\u00f6nnen nur durch eine Benachrichtigung an die Gemeinde nach dem Prinzip der stillschweigenden Zustimmung installiert werden.[\/vc_column_text][\/vc_column][\/vc_row][vc_row gap=&#8220;35&#8243; equal_height=&#8220;yes&#8220;][vc_column offset=&#8220;vc_col-lg-6 vc_col-md-6&#8243; css=&#8220;.vc_custom_1676904829934{border-top-width: 1px !important;border-right-width: 1px !important;border-bottom-width: 1px !important;border-left-width: 1px !important;padding-top: 15px !important;padding-right: 25px !important;padding-bottom: 15px !important;padding-left: 25px !important;background-color: #f9f9f9 !important;border-left-color: #f9f9f9 !important;border-left-style: solid !important;border-right-color: #f9f9f9 !important;border-right-style: solid !important;border-top-color: #f9f9f9 !important;border-top-style: solid !important;border-bottom-color: #f9f9f9 !important;border-bottom-style: solid !important;}&#8220;]<div id=\"ultimate-heading-427769dbc0f0e6386\" class=\"uvc-heading ult-adjust-bottom-margin ultimate-heading-427769dbc0f0e6386 uvc-2803 \" data-hspacer=\"no_spacer\"  data-halign=\"left\" style=\"text-align:left\"><div class=\"uvc-heading-spacer no_spacer\" style=\"top\"><\/div><div class=\"uvc-main-heading ult-responsive\"  data-ultimate-target='.uvc-heading.ultimate-heading-427769dbc0f0e6386 h3'  data-responsive-json-new='{\"font-size\":\"desktop:26px;\",\"line-height\":\"desktop:34px;\"}' ><h3 style=\"font-family:&#039;Jura&#039;;font-weight:700;margin-bottom:20px;\">Was finanziert das Programm und wie hoch ist die maximale unentgeltliche F\u00f6rderung?<\/h3><\/div><\/div>[vc_column_text]Das Haushaltsprogramm umfasst Finanzierungen in zwei Bereichen &#8211; den Bau von Solaranlagen f\u00fcr die h\u00e4usliche Warmwasserversorgung und Photovoltaikanlagen bis zu 10 kWp mit Systemen zur Speicherung von produziertem Strom.<\/p>\n<p><strong>Der maximale Betrag<\/strong> der unentgeltlichen Finanzierung f\u00fcr Photovoltaik-Anlage zur <strong>Warmwasserversorgung von Haushalten betr\u00e4gt bis zu 100%<\/strong> des Installationswerts<strong>,<\/strong> jedoch <strong>nicht mehr als 1.960,83 BGN<\/strong>, und bis <strong>zu 70% des Werts einer Solaranlage<\/strong> bis 10 kWp, jedoch <strong>nicht mehr als 15.000 BGN<\/strong>. Bei der zweiten Ma\u00dfnahme besteht auch die M\u00f6glichkeit zum Kauf von Batterien zur Speicherung von produziertem Strom.[\/vc_column_text][\/vc_column][vc_column offset=&#8220;vc_col-lg-6 vc_col-md-6&#8243; css=&#8220;.vc_custom_1676904895622{border-top-width: 1px !important;border-right-width: 1px !important;border-bottom-width: 1px !important;border-left-width: 1px !important;padding-top: 15px !important;padding-right: 25px !important;padding-bottom: 15px !important;padding-left: 25px !important;background-color: #f9f9f9 !important;border-left-color: #f9f9f9 !important;border-left-style: solid !important;border-right-color: #f9f9f9 !important;border-right-style: solid !important;border-top-color: #f9f9f9 !important;border-top-style: solid !important;border-bottom-color: #f9f9f9 !important;border-bottom-style: solid !important;}&#8220;]<div id=\"ultimate-heading-964069dbc0f0e63a8\" class=\"uvc-heading ult-adjust-bottom-margin ultimate-heading-964069dbc0f0e63a8 uvc-3840 \" data-hspacer=\"no_spacer\"  data-halign=\"left\" style=\"text-align:left\"><div class=\"uvc-heading-spacer no_spacer\" style=\"top\"><\/div><div class=\"uvc-main-heading ult-responsive\"  data-ultimate-target='.uvc-heading.ultimate-heading-964069dbc0f0e63a8 h3'  data-responsive-json-new='{\"font-size\":\"desktop:26px;\",\"line-height\":\"desktop:34px;\"}' ><h3 style=\"font-family:&#039;Jura&#039;;font-weight:700;margin-bottom:20px;\">Welche Anforderungen werden an Bewerber f\u00fcr die Finanzierung von Haushalten gestellt?<\/h3><\/div><\/div>[vc_column_text]F\u00fcr das Programm k\u00f6nnen sich alle nat\u00fcrlichen Personen bewerben &#8211; bulgarische Staatsb\u00fcrger und Ausl\u00e4nder mit st\u00e4ndigem Wohnsitz bei uns, die in einem eigenen Einfamilienhaus oder einer eigenen Wohnung in einem Mehrfamilienhaus leben. Sie m\u00fcssen Eigent\u00fcmer der Immobilie sein und es als Hauptwohnsitz deklariert haben. In der Immobilie, f\u00fcr die eine Finanzierung beantragt wird, muss mindestens 6 Monate vor der Lieferung oder Inbetriebnahme der Solaranlage Strom verbraucht worden sein. Es d\u00fcrfen KEINE Verpflichtungen in Bezug auf lokale Steuern und Geb\u00fchren bestehen.<\/p>\n<p>Wenn die Antragsteller f\u00fcr die Finanzierung in einer Wohnung in einem Mehrfamilienhaus wohnen, m\u00fcssen sie eine Kopie der Entscheidung der Eigent\u00fcmerversammlung vorlegen, in der 67% der Eigent\u00fcmer von Idealteilen der Investition zustimmen.[\/vc_column_text][\/vc_column][\/vc_row]<\/p>\n<\/section>","protected":false},"excerpt":{"rendered":"<p>[vc_row el_id=&#8220;md-pv-business&#8220;][vc_column][vc_column_text]Das Ministerium f\u00fcr Innovation und Wachstum hat ein Programm zur Finanzierung von Mikro-, kleinen und mittleren Unternehmen gestartet, um neue Anlagen zur Stromerzeugung aus erneuerbaren Energien zu installieren. Die Ma\u00dfnahme konzentriert sich ausschlie\u00dflich auf Solarstromanlagen und besteht darin, Photovoltaik-Kraftwerke f\u00fcr den Eigenverbrauch bis zu 1 MW zu errichten, die obligatorisch mit Batterien zur Speicherung&hellip;<\/p>\n","protected":false},"author":1,"featured_media":0,"parent":0,"menu_order":0,"comment_status":"closed","ping_status":"closed","template":"","meta":{"footnotes":""},"class_list":["post-1286","page","type-page","status-publish","hentry","description-off"],"yoast_head":"<!-- This site is optimized with the Yoast SEO plugin v20.7 - https:\/\/yoast.com\/wordpress\/plugins\/seo\/ -->\n<title>Europ\u00e4ische Projekte Finanzierung von Photovoltaik-Anlagen<\/title>\n<meta name=\"description\" content=\"Erfahren Sie mehr \u00fcber M\u00f6glichkeiten zur Finanzierung von Photovoltaik-Anlagen f\u00fcr Gewerbe und Haushalte durch EU-Projekte. F\u00fcr weitere Informationen wenden Sie sich an Elsol.\" \/>\n<meta name=\"robots\" content=\"index, follow, max-snippet:-1, max-image-preview:large, max-video-preview:-1\" \/>\n<link rel=\"canonical\" href=\"https:\/\/elsol.bg\/de\/finanzierung\/\" \/>\n<meta property=\"og:locale\" content=\"de_DE\" \/>\n<meta property=\"og:type\" content=\"article\" \/>\n<meta property=\"og:title\" content=\"Europ\u00e4ische Projekte Finanzierung von Photovoltaik-Anlagen\" \/>\n<meta property=\"og:description\" content=\"Erfahren Sie mehr \u00fcber M\u00f6glichkeiten zur Finanzierung von Photovoltaik-Anlagen f\u00fcr Gewerbe und Haushalte durch EU-Projekte. F\u00fcr weitere Informationen wenden Sie sich an Elsol.\" \/>\n<meta property=\"og:url\" content=\"https:\/\/elsol.bg\/de\/finanzierung\/\" \/>\n<meta property=\"og:site_name\" content=\"Elsol GmbH\" \/>\n<meta property=\"article:modified_time\" content=\"2023-05-16T15:25:57+00:00\" \/>\n<meta name=\"twitter:card\" content=\"summary_large_image\" \/>\n<script type=\"application\/ld+json\" class=\"yoast-schema-graph\">{\"@context\":\"https:\/\/schema.org\",\"@graph\":[{\"@type\":\"WebPage\",\"@id\":\"https:\/\/elsol.bg\/de\/finanzierung\/\",\"url\":\"https:\/\/elsol.bg\/de\/finanzierung\/\",\"name\":\"Europ\u00e4ische Projekte Finanzierung von Photovoltaik-Anlagen\",\"isPartOf\":{\"@id\":\"https:\/\/elsol.bg\/de\/#website\"},\"datePublished\":\"2023-02-20T12:18:56+00:00\",\"dateModified\":\"2023-05-16T15:25:57+00:00\",\"description\":\"Erfahren Sie mehr \u00fcber M\u00f6glichkeiten zur Finanzierung von Photovoltaik-Anlagen f\u00fcr Gewerbe und Haushalte durch EU-Projekte. F\u00fcr weitere Informationen wenden Sie sich an Elsol.\",\"breadcrumb\":{\"@id\":\"https:\/\/elsol.bg\/de\/finanzierung\/#breadcrumb\"},\"inLanguage\":\"de\",\"potentialAction\":[{\"@type\":\"ReadAction\",\"target\":[\"https:\/\/elsol.bg\/de\/finanzierung\/\"]}]},{\"@type\":\"BreadcrumbList\",\"@id\":\"https:\/\/elsol.bg\/de\/finanzierung\/#breadcrumb\",\"itemListElement\":[{\"@type\":\"ListItem\",\"position\":1,\"name\":\"\u041d\u0430\u0447\u0430\u043b\u043e\",\"item\":\"https:\/\/elsol.bg\/de\/\"},{\"@type\":\"ListItem\",\"position\":2,\"name\":\"Finanzierung\"}]},{\"@type\":\"WebSite\",\"@id\":\"https:\/\/elsol.bg\/de\/#website\",\"url\":\"https:\/\/elsol.bg\/de\/\",\"name\":\"Elsol GmbH\",\"description\":\"\u0421\u043e\u043b\u0430\u0440\u043d\u0438 \u0441\u0438\u0441\u0442\u0435\u043c\u0438 \u0437\u0430 \u0431\u0438\u0437\u043d\u0435\u0441\u0430 \u0438 \u0434\u043e\u043c\u0430\",\"publisher\":{\"@id\":\"https:\/\/elsol.bg\/de\/#organization\"},\"potentialAction\":[{\"@type\":\"SearchAction\",\"target\":{\"@type\":\"EntryPoint\",\"urlTemplate\":\"https:\/\/elsol.bg\/de\/?s={search_term_string}\"},\"query-input\":\"required name=search_term_string\"}],\"inLanguage\":\"de\"},{\"@type\":\"Organization\",\"@id\":\"https:\/\/elsol.bg\/de\/#organization\",\"name\":\"Elsol GmbH\",\"url\":\"https:\/\/elsol.bg\/de\/\",\"logo\":{\"@type\":\"ImageObject\",\"inLanguage\":\"de\",\"@id\":\"https:\/\/elsol.bg\/de\/#\/schema\/logo\/image\/\",\"url\":\"https:\/\/elsol.bg\/wp-content\/uploads\/2022\/10\/Elsol_new-logo-desktop.png\",\"contentUrl\":\"https:\/\/elsol.bg\/wp-content\/uploads\/2022\/10\/Elsol_new-logo-desktop.png\",\"width\":364,\"height\":70,\"caption\":\"Elsol GmbH\"},\"image\":{\"@id\":\"https:\/\/elsol.bg\/de\/#\/schema\/logo\/image\/\"}}]}<\/script>\n<!-- \/ Yoast SEO plugin. -->","yoast_head_json":{"title":"Europ\u00e4ische Projekte Finanzierung von Photovoltaik-Anlagen","description":"Erfahren Sie mehr \u00fcber M\u00f6glichkeiten zur Finanzierung von Photovoltaik-Anlagen f\u00fcr Gewerbe und Haushalte durch EU-Projekte. F\u00fcr weitere Informationen wenden Sie sich an Elsol.","robots":{"index":"index","follow":"follow","max-snippet":"max-snippet:-1","max-image-preview":"max-image-preview:large","max-video-preview":"max-video-preview:-1"},"canonical":"https:\/\/elsol.bg\/de\/finanzierung\/","og_locale":"de_DE","og_type":"article","og_title":"Europ\u00e4ische Projekte Finanzierung von Photovoltaik-Anlagen","og_description":"Erfahren Sie mehr \u00fcber M\u00f6glichkeiten zur Finanzierung von Photovoltaik-Anlagen f\u00fcr Gewerbe und Haushalte durch EU-Projekte. F\u00fcr weitere Informationen wenden Sie sich an Elsol.","og_url":"https:\/\/elsol.bg\/de\/finanzierung\/","og_site_name":"Elsol GmbH","article_modified_time":"2023-05-16T15:25:57+00:00","twitter_card":"summary_large_image","schema":{"@context":"https:\/\/schema.org","@graph":[{"@type":"WebPage","@id":"https:\/\/elsol.bg\/de\/finanzierung\/","url":"https:\/\/elsol.bg\/de\/finanzierung\/","name":"Europ\u00e4ische Projekte Finanzierung von Photovoltaik-Anlagen","isPartOf":{"@id":"https:\/\/elsol.bg\/de\/#website"},"datePublished":"2023-02-20T12:18:56+00:00","dateModified":"2023-05-16T15:25:57+00:00","description":"Erfahren Sie mehr \u00fcber M\u00f6glichkeiten zur Finanzierung von Photovoltaik-Anlagen f\u00fcr Gewerbe und Haushalte durch EU-Projekte. F\u00fcr weitere Informationen wenden Sie sich an Elsol.","breadcrumb":{"@id":"https:\/\/elsol.bg\/de\/finanzierung\/#breadcrumb"},"inLanguage":"de","potentialAction":[{"@type":"ReadAction","target":["https:\/\/elsol.bg\/de\/finanzierung\/"]}]},{"@type":"BreadcrumbList","@id":"https:\/\/elsol.bg\/de\/finanzierung\/#breadcrumb","itemListElement":[{"@type":"ListItem","position":1,"name":"\u041d\u0430\u0447\u0430\u043b\u043e","item":"https:\/\/elsol.bg\/de\/"},{"@type":"ListItem","position":2,"name":"Finanzierung"}]},{"@type":"WebSite","@id":"https:\/\/elsol.bg\/de\/#website","url":"https:\/\/elsol.bg\/de\/","name":"Elsol GmbH","description":"\u0421\u043e\u043b\u0430\u0440\u043d\u0438 \u0441\u0438\u0441\u0442\u0435\u043c\u0438 \u0437\u0430 \u0431\u0438\u0437\u043d\u0435\u0441\u0430 \u0438 \u0434\u043e\u043c\u0430","publisher":{"@id":"https:\/\/elsol.bg\/de\/#organization"},"potentialAction":[{"@type":"SearchAction","target":{"@type":"EntryPoint","urlTemplate":"https:\/\/elsol.bg\/de\/?s={search_term_string}"},"query-input":"required name=search_term_string"}],"inLanguage":"de"},{"@type":"Organization","@id":"https:\/\/elsol.bg\/de\/#organization","name":"Elsol GmbH","url":"https:\/\/elsol.bg\/de\/","logo":{"@type":"ImageObject","inLanguage":"de","@id":"https:\/\/elsol.bg\/de\/#\/schema\/logo\/image\/","url":"https:\/\/elsol.bg\/wp-content\/uploads\/2022\/10\/Elsol_new-logo-desktop.png","contentUrl":"https:\/\/elsol.bg\/wp-content\/uploads\/2022\/10\/Elsol_new-logo-desktop.png","width":364,"height":70,"caption":"Elsol GmbH"},"image":{"@id":"https:\/\/elsol.bg\/de\/#\/schema\/logo\/image\/"}}]}},"_links":{"self":[{"href":"https:\/\/elsol.bg\/de\/wp-json\/wp\/v2\/pages\/1286","targetHints":{"allow":["GET"]}}],"collection":[{"href":"https:\/\/elsol.bg\/de\/wp-json\/wp\/v2\/pages"}],"about":[{"href":"https:\/\/elsol.bg\/de\/wp-json\/wp\/v2\/types\/page"}],"author":[{"embeddable":true,"href":"https:\/\/elsol.bg\/de\/wp-json\/wp\/v2\/users\/1"}],"replies":[{"embeddable":true,"href":"https:\/\/elsol.bg\/de\/wp-json\/wp\/v2\/comments?post=1286"}],"version-history":[{"count":2,"href":"https:\/\/elsol.bg\/de\/wp-json\/wp\/v2\/pages\/1286\/revisions"}],"predecessor-version":[{"id":1288,"href":"https:\/\/elsol.bg\/de\/wp-json\/wp\/v2\/pages\/1286\/revisions\/1288"}],"wp:attachment":[{"href":"https:\/\/elsol.bg\/de\/wp-json\/wp\/v2\/media?parent=1286"}],"curies":[{"name":"wp","href":"https:\/\/api.w.org\/{rel}","templated":true}]}}